{"id":5979,"date":"2023-11-21T12:08:08","date_gmt":"2023-11-21T11:08:08","guid":{"rendered":"https:\/\/dev.digitalgroup.es\/agent-digitalitzador\/"},"modified":"2023-11-23T17:23:18","modified_gmt":"2023-11-23T16:23:18","slug":"digitalitzador-agent-de-marqueting-digital","status":"publish","type":"page","link":"https:\/\/dev.digitalgroup.com\/ca\/digitalitzador-agent-de-marqueting-digital\/","title":{"rendered":"Agent digitalitzador"},"content":{"rendered":"<style>\/*! elementor - v3.17.0 - 08-11-2023 *\/\n.elementor-widget-image{text-align:center}.elementor-widget-image a{display:inline-block}.elementor-widget-image a img[src$=\".svg\"]{width:48px}.elementor-widget-image img{vertical-align:middle;display:inline-block}<\/style>\n<p>\t\t\t\t\t\t\t\t\t\t\t\t<img loading=\"lazy\" decoding=\"async\" width=\"18\" height=\"14\" src=\"https:\/\/dev.digitalgroup.es\/wp-content\/uploads\/2023\/09\/Triangulo.svg\" alt=\"\" loading=\"lazy\" \/>\t\t\t\t\t\t\t\t\t\t\t\t\t\t\t<\/p>\n<style>\/*! elementor - v3.17.0 - 08-11-2023 *\/\n.elementor-heading-title{padding:0;margin:0;line-height:1}.elementor-widget-heading .elementor-heading-title[class*=elementor-size-]>a{color:inherit;font-size:inherit;line-height:inherit}.elementor-widget-heading .elementor-heading-title.elementor-size-small{font-size:15px}.elementor-widget-heading .elementor-heading-title.elementor-size-medium{font-size:19px}.elementor-widget-heading .elementor-heading-title.elementor-size-large{font-size:29px}.elementor-widget-heading .elementor-heading-title.elementor-size-xl{font-size:39px}.elementor-widget-heading .elementor-heading-title.elementor-size-xxl{font-size:59px}<\/style>\n<h1>Agent digitalitzador<\/h1>\n<p><b>1. Dret de la Informaci\u00f3<\/b><\/p>\n<p>Us informem que aquest Lloc Web https:\/\/www.digitalgroup.es\/ \u00e9s de DIGITAL GROUP Branch, SL, (d&#8217;ara endavant, \u201cDIGITAL GROUP\u201d), amb NIF B-85533321 i domicili social al Carrer General Ram\u00edrez de Madrid 8, 4t, 28020, Madrid, inscrita al Registre Mercantil de Madrid al Tom 26073, Foli 93, Full M-469977, Inscripci\u00f3 1, inscrita al Registre Mercantil de Madrid.<br \/>L&#8217;acc\u00e9s i\/oo \u00fas del Lloc Web us atribueix la condici\u00f3 d&#8217;usuari, i accepta, des d&#8217;aquest acc\u00e9s i\/o \u00fas, aquest Av\u00eds Legal.<br \/>L&#8217;usuari (d&#8217;ara endavant, l&#8217;\u201cUsuari\u201d) pot posar-se en contacte amb DIGITAL GROUP a trav\u00e9s de la seg\u00fcent adre\u00e7a de correu electr\u00f2nic: info@digitalgroup.es<\/p>\n<\/p>\n<p><b>2. \u00das del Lloc Web<\/b><\/p>\n<p>L&#8217;Usuari assumeix la responsabilitat de l&#8217;\u00fas del Lloc Web. El Lloc Web pot proporcionar acc\u00e9s a multitud de textos, gr\u00e0fics, dibuixos, dissenys, fotografies, continguts multim\u00e8dia, i informacions (d&#8217;ara endavant, &#8220;Continguts&#8221;) pertanyents a DIGITAL GROUP oa tercers a qu\u00e8 l&#8217;Usuari pot tenir acc\u00e9s.<br \/>L&#8217;Usuari es compromet a fer un \u00fas adequat dels Continguts i serveis oferts a trav\u00e9s del Lloc Web i amb car\u00e0cter enunciatiu, per\u00f2 no limitatiu, a no emprar-los per a:<\/p>\n<p>(i) Inc\u00f3rrer en activitats il\u00b7l\u00edcites, il\u00b7legals o contr\u00e0ries a la bona fe ia l&#8217;ordre p\u00fablic.<\/p>\n<p>(ii) Provocar danys als sistemes f\u00edsics i l\u00f2gics del Lloc Web de DIGITAL GROUP, dels seus prove\u00efdors o de terceres persones.<\/p>\n<p>(iii) Introduir o difondre a la xarxa virus inform\u00e0tics o qualssevol altres sistemes f\u00edsics o l\u00f2gics que siguin susceptibles de provocar els danys anteriorment esmentats.<\/p>\n<p>(iv) Intentar accedir, utilitzar i\/o manipular les dades de DIGITAL GROUP tercers prove\u00efdors i altres usuaris.<\/p>\n<p>(v) Reproduir o copiar, distribuir, permetre l&#8217;acc\u00e9s del p\u00fablic a trav\u00e9s de qualsevol modalitat de comunicaci\u00f3 p\u00fablica, transformar o modificar els continguts, llevat que es compti amb l&#8217;autoritzaci\u00f3 de DIGITAL GROUP.<\/p>\n<p>(vi) Suprimir, ocultar o manipular els continguts subjectes a drets de propietat intel\u00b7lectual o industrial i altres dades identificatives dels drets de DIGITAL GROUP o de tercers incorporats als continguts, aix\u00ed com els dispositius t\u00e8cnics de protecci\u00f3 o qualsevol mecanisme d&#8217;informaci\u00f3 que pugui inserir-se als continguts.<\/p>\n<p>DIGITAL GROUP adverteix que els materials continguts en aquest Lloc Web han estat inclosos a mer t\u00edtol informatiu, per la qual cosa resulten insuficients per prendre decisions o assumir posicions en un cas concret.<\/p>\n<p>L&#8217;Usuari ha de tenir en compte que els materials continguts en aquest Lloc Web poguessin no reflectir l&#8217;estat legislatiu o jurisprudencial m\u00e9s recent sobre les q\u00fcestions analitzades. Aix\u00ed mateix, aquests materials es poden modificar, desenvolupar o actualitzar sense notificaci\u00f3 pr\u00e8via.<\/p>\n<p>DIGITAL GROUP tindr\u00e0 dret a investigar i denunciar qualsevol de les conductes esmentades d&#8217;acord amb la Llei, aix\u00ed com a col\u00b7laborar amb les autoritats en la investigaci\u00f3 de les actuacions esmentades.<\/p>\n<p>DIGITAL GROUP podr\u00e0 suspendre temporalment i sense av\u00eds previ, l&#8217;accessibilitat al Lloc Web amb motiu d&#8217;operacions de manteniment, reparaci\u00f3, actualitzaci\u00f3 o millora. Aix\u00f2 no obstant, sempre que les circumst\u00e0ncies ho permetin, DIGITAL GROUP comunicar\u00e0 a l&#8217;Usuari, amb antelaci\u00f3 suficient, la data prevista per a la suspensi\u00f3 dels serveis.<\/p>\n<p>DIGITAL GROUP no es responsabilitza de l&#8217;\u00fas que els Usuaris puguin fer dels Continguts inclosos al Lloc Web.<\/p>\n<\/p>\n<p><b>3. Propietat Intel\u00b7lectual i Industrial<\/b><\/p>\n<p>Tots els drets de propietat intel\u00b7lectual del Contingut del Lloc Web i el seu disseny gr\u00e0fic s\u00f3n propietat exclusiva de DIGITAL GROUP, o b\u00e9 d&#8217;un tercer que n&#8217;ha autoritzat la utilitzaci\u00f3, per la qual cosa \u00e9s a DIGITAL GROUP a qui correspon l&#8217;exercici exclusiu de els drets dexplotaci\u00f3 daquests. Per aix\u00f2 i en virtut del que disposa la legislaci\u00f3 aplicable en mat\u00e8ria de Drets de Propietat Intel\u00b7lectual i Industrial, DIGITAL GROUP no concedeix cap llic\u00e8ncia o autoritzaci\u00f3 d&#8217;\u00fas de cap mena sobre els seus drets de propietat intel\u00b7lectual i industrial o sobre qualsevol altra propietat o dret relacionat amb el Lloc Web, els serveis o els continguts d&#8217;aquest.<\/p>\n<p>Es permet la reproducci\u00f3 i emmagatzematge temporal dels continguts del Lloc Web mentre aix\u00f2 sigui estrictament necessari per a l&#8217;\u00fas i visualitzaci\u00f3 del Lloc Web des d&#8217;un ordinador personal.<\/p>\n<\/p>\n<p><b>4. Responsabilitat i Garanties<\/b><\/p>\n<p>DIGITAL GROUP declara que ha adoptat les mesures necess\u00e0ries que, dins de les seves possibilitats i l&#8217;estat de la tecnologia, permetin el funcionament correcte del seu lloc web, aix\u00ed com l&#8217;abs\u00e8ncia de virus i components nocius. Tot i aix\u00f2, DIGITAL GROUP no es pot fer responsable de:<\/p>\n<p>(i) La continu\u00eftat i disponibilitat dels continguts i serveis.<\/p>\n<p>(ii) L&#8217;abs\u00e8ncia d&#8217;errors en aquests continguts ni la correcci\u00f3 de qualsevol defecte que pugui oc\u00f3rrer.<\/p>\n<p>(iii) L&#8217;abs\u00e8ncia de virus i\/o altres components nocius.<\/p>\n<p>(iv) Els danys o perjudicis que causi qualsevol persona que vulneri els sistemes de seguretat de DIGITAL GROUP.<\/p>\n<p>Les aportacions que es poden trobar a aquestes p\u00e0gines s&#8217;han realitzat \u00fanicament a t\u00edtol informatiu. DIGITAL GROUP no garanteix la integritat, exactitud i actualitat dels continguts. Per aix\u00f2, no s\u00f3n v\u00e0lides com a assessorament jur\u00eddic concret en casos particulars. Les relacions mandat\u00e0ries tindran lloc nom\u00e9s despr\u00e9s de la confirmaci\u00f3 per escrit.<\/p>\n<p>DIGITAL GROUP no assumeix cap responsabilitat sobre els enlla\u00e7os a altres p\u00e0gines web que es trobin al Lloc Web podent dirigir a l&#8217;Usuari a altres llocs web sobre els quals DIGITAL GROUP no t\u00e9 cap tipus de control, per la qual cosa la inclusi\u00f3 d&#8217;enlla\u00e7os a altres llocs web no implica laprovaci\u00f3 dels seus continguts per part de DIGITAL GROUP ni lexist\u00e8ncia de cap tipus dassociaci\u00f3 entre DIGITAL GROUP i els seus titulars. Per aix\u00f2 l&#8217;Usuari accedeix sota la seva exclusiva responsabilitat al Contingut i en les condicions d&#8217;\u00fas que hi regeixin.<\/p>\n<\/p>\n<p><b>5. Durada i modificaci\u00f3<\/b><\/p>\n<p>Aquest Av\u00eds Legal estar\u00e0 vigent amb car\u00e0cter indefinit, podent DIGITAL GROUP efectuar canvis sobre les condicions especificades en aquest, i que entraran en vigor des del moment de la seva publicaci\u00f3.<\/p>\n<p>DIGITAL GROUP podr\u00e0 suprimir, afegir o canviar tant els Continguts com els serveis que presta, aix\u00ed com tamb\u00e9 la forma en qu\u00e8 aquests apareguin localitzats o presentats. S&#8217;entenen com a vigents les condicions que estiguin publicades en el moment en qu\u00e8 l&#8217;Usuari accedeixi al Lloc Web de DIGITAL GROUP.<\/p>\n<p>L&#8217;acc\u00e9s i\/o l&#8217;\u00fas del Lloc Web s&#8217;entendr\u00e0 com una acceptaci\u00f3 per part de l&#8217;Usuari del present Av\u00eds Legal i les seves condicions i, si escau, els canvis efectuats.<\/p>\n<\/p>\n<p><b>6. Hipervincles<\/b><\/p>\n<p>En cas que al lloc web de DIGITAL GROUP es disposessin enlla\u00e7os o hipervincles cap a altres llocs d&#8217;Internet, DIGITAL GROUP no exercir\u00e0 cap tipus de control sobre aquests llocs i continguts. En cap cas DIGITAL GROUP assumir\u00e0 cap responsabilitat pels continguts d&#8217;algun enlla\u00e7 pertanyent a un lloc web ali\u00e8, ni garantir\u00e0 la disponibilitat t\u00e8cnica, qualitat, fiabilitat, exactitud, amplitud, veracitat, validesa i constitucionalitat de qualsevol material o informaci\u00f3 continguda en cap d&#8217;aquests. hipervincles o altres llocs dInternet.<\/p>\n<p>Igualment, la inclusi\u00f3 d&#8217;aquestes connexions externes no implicar\u00e0 cap mena d&#8217;associaci\u00f3, fusi\u00f3 o participaci\u00f3 amb les entitats connectades.<\/p>\n<\/p>\n<p><b>7. Salvaguarda i Interpretaci\u00f3<\/b><\/p>\n<p>Aquest Av\u00eds Legal constitueix un acord entre cadascun dels Usuaris i DIGITAL GROUP.<\/p>\n<p>Si l&#8217;autoritat competent declara que una disposici\u00f3 \u00e9s il\u00b7legal, inv\u00e0lida o inaplicable, aquesta declaraci\u00f3 respecte a una o diverses cl\u00e0usules s&#8217;entendr\u00e0 sense perjudici de la validesa de les altres cl\u00e0usules.<\/p>\n<p>El fet que DIGITAL GROUP no exigeixi el compliment estricte de cap de les disposicions del present Av\u00eds Legal no constitueix ni pot interpretar-se de cap manera com una ren\u00fancia de la seva part a exigir el compliment estricte en el futur<\/p>\n<\/p>\n<p><b>8. Informaci\u00f3 General<\/b><\/p>\n<p>DIGITAL GROUP perseguir\u00e0 l&#8217;incompliment del present Av\u00eds Legal, aix\u00ed com qualsevol utilitzaci\u00f3 indeguda del portal, exercint totes les accions civils i penals que li puguin correspondre en dret.<\/p>\n<\/p>\n<p><b>9. Notificacions<\/b><\/p>\n<p>DIGITAL GROUP podr\u00e0 realitzar les oportunes comunicacions a trav\u00e9s de l&#8217;adre\u00e7a de correu electr\u00f2nic facilitada pels Usuaris als formularis de registre oa trav\u00e9s de qualsevol altre mitj\u00e0 facilitat a les dades de contacte de l&#8217;Usuari.<\/p>\n","protected":false},"excerpt":{"rendered":"<p>Agent digitalitzador 1. Dret de la Informaci\u00f3 Us informem que aquest Lloc Web https:\/\/www.digitalgroup.es\/ \u00e9s de DIGITAL GROUP Branch, SL, (d&#8217;ara endavant, \u201cDIGITAL GROUP\u201d), amb NIF B-85533321 i domicili social al Carrer General Ram\u00edrez de Madrid 8, 4t, 28020, Madrid, inscrita al Registre Mercantil de Madrid al Tom 26073, Foli 93, Full M-469977, Inscripci\u00f3 1, [&hellip;]<\/p>\n","protected":false},"author":7,"featured_media":0,"parent":0,"menu_order":0,"comment_status":"closed","ping_status":"closed","template":"","meta":{"_acf_changed":false,"footnotes":""},"class_list":["post-5979","page","type-page","status-publish","hentry"],"acf":[],"yoast_head":"<!-- This site is optimized with the Yoast SEO plugin v21.8 - https:\/\/yoast.com\/wordpress\/plugins\/seo\/ -->\n<title>Agent digitalitzador | Digital Group<\/title>\n<meta name=\"description\" content=\"Kit Digital: Solucions de Digitalitzaci\u00f3 de la Uni\u00f3 Europea.\" \/>\n<meta name=\"robots\" content=\"noindex, follow\" \/>\n<meta property=\"og:locale\" content=\"ca_ES\" \/>\n<meta property=\"og:type\" content=\"article\" \/>\n<meta property=\"og:title\" content=\"Agent digitalitzador | Digital Group\" \/>\n<meta property=\"og:description\" content=\"Kit Digital: Solucions de Digitalitzaci\u00f3 de la Uni\u00f3 Europea.\" \/>\n<meta property=\"og:url\" content=\"https:\/\/dev.digitalgroup.com\/ca\/digitalitzador-agent-de-marqueting-digital\/\" \/>\n<meta property=\"og:site_name\" content=\"Digital Group\" \/>\n<meta property=\"article:publisher\" content=\"https:\/\/www.facebook.com\/profile.php?id=100057584914256\" \/>\n<meta property=\"article:modified_time\" content=\"2023-11-23T16:23:18+00:00\" \/>\n<meta property=\"og:image\" content=\"https:\/\/dev.digitalgroup.es\/wp-content\/uploads\/2023\/09\/Triangulo.svg\" \/>\n<meta name=\"twitter:card\" content=\"summary_large_image\" \/>\n<meta name=\"twitter:site\" content=\"@digitalgroup360\" \/>\n<meta name=\"twitter:label1\" content=\"Temps estimat de lectura\" \/>\n\t<meta name=\"twitter:data1\" content=\"6 minuts\" \/>\n<script type=\"application\/ld+json\" class=\"yoast-schema-graph\">{\"@context\":\"https:\/\/schema.org\",\"@graph\":[{\"@type\":\"WebPage\",\"@id\":\"https:\/\/dev.digitalgroup.com\/ca\/digitalitzador-agent-de-marqueting-digital\/\",\"url\":\"https:\/\/dev.digitalgroup.com\/ca\/digitalitzador-agent-de-marqueting-digital\/\",\"name\":\"Agent digitalitzador | Digital Group\",\"isPartOf\":{\"@id\":\"https:\/\/dev.digitalgroup.com\/ca\/#website\"},\"datePublished\":\"2023-11-21T11:08:08+00:00\",\"dateModified\":\"2023-11-23T16:23:18+00:00\",\"description\":\"Kit Digital: Solucions de Digitalitzaci\u00f3 de la Uni\u00f3 Europea.\",\"breadcrumb\":{\"@id\":\"https:\/\/dev.digitalgroup.com\/ca\/digitalitzador-agent-de-marqueting-digital\/#breadcrumb\"},\"inLanguage\":\"ca\",\"potentialAction\":[{\"@type\":\"ReadAction\",\"target\":[\"https:\/\/dev.digitalgroup.com\/ca\/digitalitzador-agent-de-marqueting-digital\/\"]}]},{\"@type\":\"BreadcrumbList\",\"@id\":\"https:\/\/dev.digitalgroup.com\/ca\/digitalitzador-agent-de-marqueting-digital\/#breadcrumb\",\"itemListElement\":[{\"@type\":\"ListItem\",\"position\":1,\"name\":\"Portada\",\"item\":\"https:\/\/dev.digitalgroup.com\/ca\/\"},{\"@type\":\"ListItem\",\"position\":2,\"name\":\"Agent digitalitzador\"}]},{\"@type\":\"WebSite\",\"@id\":\"https:\/\/dev.digitalgroup.com\/ca\/#website\",\"url\":\"https:\/\/dev.digitalgroup.com\/ca\/\",\"name\":\"Digital Group\",\"description\":\"Somos una agencia especializada en anal\u00edtica web y Digital.  Traducimos los datos en informaci\u00f3n operativa para hacer crecer tu negocio.\",\"publisher\":{\"@id\":\"https:\/\/dev.digitalgroup.com\/ca\/#organization\"},\"potentialAction\":[{\"@type\":\"SearchAction\",\"target\":{\"@type\":\"EntryPoint\",\"urlTemplate\":\"https:\/\/dev.digitalgroup.com\/ca\/?s={search_term_string}\"},\"query-input\":\"required name=search_term_string\"}],\"inLanguage\":\"ca\"},{\"@type\":\"Organization\",\"@id\":\"https:\/\/dev.digitalgroup.com\/ca\/#organization\",\"name\":\"Digital Group\",\"url\":\"https:\/\/dev.digitalgroup.com\/ca\/\",\"logo\":{\"@type\":\"ImageObject\",\"inLanguage\":\"ca\",\"@id\":\"https:\/\/dev.digitalgroup.com\/ca\/#\/schema\/logo\/image\/\",\"url\":\"https:\/\/dev.digitalgroup.com\/wp-content\/uploads\/2023\/09\/Logo_color_negro.svg\",\"contentUrl\":\"https:\/\/dev.digitalgroup.com\/wp-content\/uploads\/2023\/09\/Logo_color_negro.svg\",\"width\":100,\"height\":100,\"caption\":\"Digital Group\"},\"image\":{\"@id\":\"https:\/\/dev.digitalgroup.com\/ca\/#\/schema\/logo\/image\/\"},\"sameAs\":[\"https:\/\/www.facebook.com\/profile.php?id=100057584914256\",\"https:\/\/twitter.com\/digitalgroup360\",\"https:\/\/www.instagram.com\/digitalgroup.es\/\",\"https:\/\/www.linkedin.com\/company\/digital-group-agencia\/mycompany\/verification\/\"]}]}<\/script>\n<!-- \/ Yoast SEO plugin. -->","yoast_head_json":{"title":"Agent digitalitzador | Digital Group","description":"Kit Digital: Solucions de Digitalitzaci\u00f3 de la Uni\u00f3 Europea.","robots":{"index":"noindex","follow":"follow"},"og_locale":"ca_ES","og_type":"article","og_title":"Agent digitalitzador | Digital Group","og_description":"Kit Digital: Solucions de Digitalitzaci\u00f3 de la Uni\u00f3 Europea.","og_url":"https:\/\/dev.digitalgroup.com\/ca\/digitalitzador-agent-de-marqueting-digital\/","og_site_name":"Digital Group","article_publisher":"https:\/\/www.facebook.com\/profile.php?id=100057584914256","article_modified_time":"2023-11-23T16:23:18+00:00","og_image":[{"url":"https:\/\/dev.digitalgroup.es\/wp-content\/uploads\/2023\/09\/Triangulo.svg"}],"twitter_card":"summary_large_image","twitter_site":"@digitalgroup360","twitter_misc":{"Temps estimat de lectura":"6 minuts"},"schema":{"@context":"https:\/\/schema.org","@graph":[{"@type":"WebPage","@id":"https:\/\/dev.digitalgroup.com\/ca\/digitalitzador-agent-de-marqueting-digital\/","url":"https:\/\/dev.digitalgroup.com\/ca\/digitalitzador-agent-de-marqueting-digital\/","name":"Agent digitalitzador | Digital Group","isPartOf":{"@id":"https:\/\/dev.digitalgroup.com\/ca\/#website"},"datePublished":"2023-11-21T11:08:08+00:00","dateModified":"2023-11-23T16:23:18+00:00","description":"Kit Digital: Solucions de Digitalitzaci\u00f3 de la Uni\u00f3 Europea.","breadcrumb":{"@id":"https:\/\/dev.digitalgroup.com\/ca\/digitalitzador-agent-de-marqueting-digital\/#breadcrumb"},"inLanguage":"ca","potentialAction":[{"@type":"ReadAction","target":["https:\/\/dev.digitalgroup.com\/ca\/digitalitzador-agent-de-marqueting-digital\/"]}]},{"@type":"BreadcrumbList","@id":"https:\/\/dev.digitalgroup.com\/ca\/digitalitzador-agent-de-marqueting-digital\/#breadcrumb","itemListElement":[{"@type":"ListItem","position":1,"name":"Portada","item":"https:\/\/dev.digitalgroup.com\/ca\/"},{"@type":"ListItem","position":2,"name":"Agent digitalitzador"}]},{"@type":"WebSite","@id":"https:\/\/dev.digitalgroup.com\/ca\/#website","url":"https:\/\/dev.digitalgroup.com\/ca\/","name":"Digital Group","description":"Somos una agencia especializada en anal\u00edtica web y Digital.  Traducimos los datos en informaci\u00f3n operativa para hacer crecer tu negocio.","publisher":{"@id":"https:\/\/dev.digitalgroup.com\/ca\/#organization"},"potentialAction":[{"@type":"SearchAction","target":{"@type":"EntryPoint","urlTemplate":"https:\/\/dev.digitalgroup.com\/ca\/?s={search_term_string}"},"query-input":"required name=search_term_string"}],"inLanguage":"ca"},{"@type":"Organization","@id":"https:\/\/dev.digitalgroup.com\/ca\/#organization","name":"Digital Group","url":"https:\/\/dev.digitalgroup.com\/ca\/","logo":{"@type":"ImageObject","inLanguage":"ca","@id":"https:\/\/dev.digitalgroup.com\/ca\/#\/schema\/logo\/image\/","url":"https:\/\/dev.digitalgroup.com\/wp-content\/uploads\/2023\/09\/Logo_color_negro.svg","contentUrl":"https:\/\/dev.digitalgroup.com\/wp-content\/uploads\/2023\/09\/Logo_color_negro.svg","width":100,"height":100,"caption":"Digital Group"},"image":{"@id":"https:\/\/dev.digitalgroup.com\/ca\/#\/schema\/logo\/image\/"},"sameAs":["https:\/\/www.facebook.com\/profile.php?id=100057584914256","https:\/\/twitter.com\/digitalgroup360","https:\/\/www.instagram.com\/digitalgroup.es\/","https:\/\/www.linkedin.com\/company\/digital-group-agencia\/mycompany\/verification\/"]}]}},"_links":{"self":[{"href":"https:\/\/dev.digitalgroup.com\/ca\/wp-json\/wp\/v2\/pages\/5979","targetHints":{"allow":["GET"]}}],"collection":[{"href":"https:\/\/dev.digitalgroup.com\/ca\/wp-json\/wp\/v2\/pages"}],"about":[{"href":"https:\/\/dev.digitalgroup.com\/ca\/wp-json\/wp\/v2\/types\/page"}],"author":[{"embeddable":true,"href":"https:\/\/dev.digitalgroup.com\/ca\/wp-json\/wp\/v2\/users\/7"}],"replies":[{"embeddable":true,"href":"https:\/\/dev.digitalgroup.com\/ca\/wp-json\/wp\/v2\/comments?post=5979"}],"version-history":[{"count":0,"href":"https:\/\/dev.digitalgroup.com\/ca\/wp-json\/wp\/v2\/pages\/5979\/revisions"}],"wp:attachment":[{"href":"https:\/\/dev.digitalgroup.com\/ca\/wp-json\/wp\/v2\/media?parent=5979"}],"curies":[{"name":"wp","href":"https:\/\/api.w.org\/{rel}","templated":true}]}}