{"id":5995,"date":"2023-10-03T12:19:14","date_gmt":"2023-10-03T10:19:14","guid":{"rendered":"https:\/\/dev.digitalgroup.es\/politica-de-cookies\/"},"modified":"2024-01-15T11:43:05","modified_gmt":"2024-01-15T10:43:05","slug":"politica-de-cookies","status":"publish","type":"page","link":"https:\/\/dev.digitalgroup.com\/ca\/politica-de-cookies\/","title":{"rendered":"Pol\u00edtica de cookies"},"content":{"rendered":"\t\t<div data-elementor-type=\"wp-page\" data-elementor-id=\"5995\" class=\"elementor elementor-5995 elementor-629\" data-elementor-post-type=\"page\">\n\t\t\t\t\t\t\t<div class=\"elementor-element elementor-element-2c5b551 e-flex e-con-boxed e-con e-parent\" data-id=\"2c5b551\" data-element_type=\"container\" data-settings=\"{&quot;content_width&quot;:&quot;boxed&quot;}\" data-core-v316-plus=\"true\">\n\t\t\t\t\t<div class=\"e-con-inner\">\n\t\t\t\t<div class=\"elementor-element elementor-element-8b0e9f6 elementor-widget__width-initial elementor-widget elementor-widget-image\" data-id=\"8b0e9f6\" data-element_type=\"widget\" data-widget_type=\"image.default\">\n\t\t\t\t<div class=\"elementor-widget-container\">\n\t\t\t<style>\/*! elementor - v3.18.0 - 20-12-2023 *\/\n.elementor-widget-image{text-align:center}.elementor-widget-image a{display:inline-block}.elementor-widget-image a img[src$=\".svg\"]{width:48px}.elementor-widget-image img{vertical-align:middle;display:inline-block}<\/style>\t\t\t\t\t\t\t\t\t\t\t\t<img decoding=\"async\" width=\"18\" height=\"14\" src=\"https:\/\/dev.digitalgroup.com\/wp-content\/uploads\/2023\/09\/Triangulo.svg\" class=\"attachment-large size-large wp-image-64\" alt=\"\" \/>\t\t\t\t\t\t\t\t\t\t\t\t\t\t\t<\/div>\n\t\t\t\t<\/div>\n\t\t\t\t<div class=\"elementor-element elementor-element-c01f177 elementor-widget elementor-widget-heading\" data-id=\"c01f177\" data-element_type=\"widget\" data-widget_type=\"heading.default\">\n\t\t\t\t<div class=\"elementor-widget-container\">\n\t\t\t<style>\/*! elementor - v3.18.0 - 20-12-2023 *\/\n.elementor-heading-title{padding:0;margin:0;line-height:1}.elementor-widget-heading .elementor-heading-title[class*=elementor-size-]>a{color:inherit;font-size:inherit;line-height:inherit}.elementor-widget-heading .elementor-heading-title.elementor-size-small{font-size:15px}.elementor-widget-heading .elementor-heading-title.elementor-size-medium{font-size:19px}.elementor-widget-heading .elementor-heading-title.elementor-size-large{font-size:29px}.elementor-widget-heading .elementor-heading-title.elementor-size-xl{font-size:39px}.elementor-widget-heading .elementor-heading-title.elementor-size-xxl{font-size:59px}<\/style><h1 class=\"elementor-heading-title elementor-size-xxl\">\nPol\u00edtica de cookies\n<\/h1>\t\t<\/div>\n\t\t\t\t<\/div>\n\t\t\t\t\t<\/div>\n\t\t\t\t<\/div>\n\t\t<div class=\"elementor-element elementor-element-f667dac e-flex e-con-boxed e-con e-parent\" data-id=\"f667dac\" data-element_type=\"container\" data-settings=\"{&quot;content_width&quot;:&quot;boxed&quot;}\" data-core-v316-plus=\"true\">\n\t\t\t\t\t<div class=\"e-con-inner\">\n\t\t\t\t<div class=\"elementor-element elementor-element-6e51637 elementor-widget elementor-widget-text-editor\" data-id=\"6e51637\" data-element_type=\"widget\" data-widget_type=\"text-editor.default\">\n\t\t\t\t<div class=\"elementor-widget-container\">\n\t\t\t<style>\/*! elementor - v3.18.0 - 20-12-2023 *\/\n.elementor-widget-text-editor.elementor-drop-cap-view-stacked .elementor-drop-cap{background-color:#69727d;color:#fff}.elementor-widget-text-editor.elementor-drop-cap-view-framed .elementor-drop-cap{color:#69727d;border:3px solid;background-color:transparent}.elementor-widget-text-editor:not(.elementor-drop-cap-view-default) .elementor-drop-cap{margin-top:8px}.elementor-widget-text-editor:not(.elementor-drop-cap-view-default) .elementor-drop-cap-letter{width:1em;height:1em}.elementor-widget-text-editor .elementor-drop-cap{float:left;text-align:center;line-height:1;font-size:50px}.elementor-widget-text-editor .elementor-drop-cap-letter{display:inline-block}<\/style>\t\t\t\t<div>\n<div>\n<div>DIGITAL GROUP Branch, S.L., (d&#8217;ara endavant, \u201c<strong>DIGITAL GROUP<\/strong>\u201d) informa, a trav\u00e9s de la present Pol\u00edtica de Cookies, sobre la utilitzaci\u00f3 de dispositius d&#8217;emmagatzematge i recuperaci\u00f3 de dades en equips terminals dels Usuaris.<\/div>\n<\/div>\n<\/div>\n<h2><strong>1. Qu\u00e8 s\u00f3n les Cookies?<\/strong><\/h2>\n<p>Les cookies s\u00f3n arxius o fitxers que es descarreguen en l&#8217;ordenador\/tel\u00e8fon intel\u00b7ligent\/tauleta de l&#8217;Usuari en accedir a determinades p\u00e0gines web i aplicacions que permeten emmagatzemar prefer\u00e8ncies de la navegaci\u00f3 de l&#8217;Usuari, fent que la interacci\u00f3 entre l&#8217;Usuari i el Lloc web sigui m\u00e9s r\u00e0pida i f\u00e0cil.<\/p>\n<p>La informaci\u00f3 recollida per les cookies \u00e9s an\u00f2nima i no cont\u00e9 cap informaci\u00f3 sensible ja que no recullen dades que puguin identificar personalment a l&#8217;Usuari. En qualsevol cas, l&#8217;Usuari podr\u00e0 accedir a la configuraci\u00f3 del seu navegador per a modificar i\/o bloquejar la instal\u00b7laci\u00f3 de les Cookies enviades des del Lloc web, sense que aix\u00f2 impedeixi a l&#8217;acc\u00e9s als continguts.<\/p><p><br><\/p>\n<h2><strong>2. Per a qu\u00e8 utilitza DIGITAL GROUP les cookies?<br><\/strong><\/h2>\n<p>De conformitat amb la Llei 34\/2002, d&#8217;11 de juliol, de serveis de la societat de la informaci\u00f3 i de comer\u00e7 electr\u00f2nic (d&#8217;ara endavant, \u201c*LSSI\u201d), l&#8217;informem que el present Lloc web utilitza cookies o altres dispositius d&#8217;emmagatzematge i recuperaci\u00f3 d&#8217;informaci\u00f3 per a realitzar un seguiment de les interaccions dels Usuaris amb els serveis oferts en el Lloc web.<\/p>\n<p>Les cookies permeten recon\u00e8ixer el navegador d&#8217;un Usuari, aix\u00ed com el tipus de dispositiu des del qual s&#8217;accedeix al Lloc web i s&#8217;utilitzen per a facilitar la pr\u00f2xima visita de l&#8217;Usuari i fer que el Lloc web li resulti m\u00e9s \u00fatil.<\/p>\n<p>DIGITAL *GROUP utilitza les cookies per a:<\/p>\n<p>(i) Optimitzar la navegaci\u00f3 de l&#8217;Usuari mitjan\u00e7ant el seguiment de la sessi\u00f3.<\/p>\n<p>(*ii) Recopilar informaci\u00f3 per a optimitzar la navegaci\u00f3 i millorar el Lloc web.<\/p>\n<p>(*iii) Oferir publicitat segons els h\u00e0bits de navegaci\u00f3 de l&#8217;Usuari.<\/p>\n<p>El Lloc web utilitza els seg\u00fcents tipus de cookies:<\/p>\n<p>\u2022 T\u00e8cniques o de sessi\u00f3: Cookies estrictament necess\u00e0ries per a prestar un servei o contingut sol\u00b7licitat per l&#8217;usuari. Aquestes s&#8217;encarreguen d&#8217;aspectes t\u00e8cnics com identificar registres i gestionar prefer\u00e8ncies d&#8217;eines en l&#8217;\u00fas, interacci\u00f3 i localitzaci\u00f3 de l&#8217;acc\u00e9s als continguts.<\/p>\n<p>\u2022 Estad\u00edstiques\/anal\u00edtiques: Aquestes cookies recullen informaci\u00f3 relativa a l&#8217;\u00fas de la p\u00e0gina com la perman\u00e8ncia en p\u00e0gina i els continguts visitats pels lectors per a mesurar el seu rendiment i millorar la navegaci\u00f3.<\/p>\n<p>Els objectius principals que es persegueixen amb aquesta mena de cookies s\u00f3n:<\/p>\n<p>\u2022 Permetre la identificaci\u00f3 an\u00f2nima dels Usuaris navegants i per tant la comptabilitzaci\u00f3 aproximada del nombre de visitants.<br>\u2022 Identificar de manera an\u00f2nima els continguts m\u00e9s visitats.<br>\u2022 Saber si l&#8217;Usuari que est\u00e0 accedint \u00e9s nou o repeteix visita.<\/p>\n<p>\u2022 Personalitzaci\u00f3 de Publicitat: Aquestes cookies obtenen informaci\u00f3 de la navegaci\u00f3 de l&#8217;usuari per a gestionar espais publicitaris i oferir un contingut m\u00e9s rellevant i de qualitat per a ell a partir dels seus gustos.<\/p>\n<p>A continuaci\u00f3, es detallen les cookies publicit\u00e0ries que s&#8217;utilitzen en el Lloc web:<\/p>\n<table border=\"1\" width=\"624\" cellpadding=\"4\">\n<thead>\n<tr>\n<td><strong>Nom<\/strong><\/td>\n<td><b>Prove\u00efdor<\/b><\/td>\n<td><b>Ordenat per (Domini)<\/b><\/td>\n<td><strong>Funci\u00f3<\/strong><\/td>\n<\/tr>\n<\/thead>\n<tbody>\n<tr>\n<td>_ga<\/td>\n<td>Google Analytics<\/td>\n<td>digitalgroup.es<\/td>\n<td>El ID an\u00f3nimo d ela cookie vincula el navegador del usuario web y la navegaci\u00f3n que ha realizado en nuestro sitio.<\/td>\n<\/tr>\n<tr>\n<td>__hstc<\/td>\n<td>Hubspot<\/td>\n<td>digitalgroup.es<\/td>\n<td>La cookie principal para monitorear visitantes.<\/td>\n<\/tr>\n<tr>\n<td>hubspotutk<\/td>\n<td>Hubspot<\/td>\n<td>digitalgroup.es<\/td>\n<td>&nbsp;Esta cookie se pasa a HubSpot al enviar la solicitud y se usa cuando se eliminan los contactos duplicados.<\/td>\n<\/tr>\n<tr>\n<td>__hssc<\/td>\n<td>Hubspot<\/td>\n<td>digitalgroup.es<\/td>\n<td>Esto se utiliza para determinar si debemos incrementar el n\u00famero de sesi\u00f3n y las marcas de tiempo en la cookie __hstc.<\/td>\n<\/tr>\n<tr>\n<td>_hssrc<\/td>\n<td>Hubspot<\/td>\n<td>digitalgroup.es<\/td>\n<td>La usamos para determinar si el usuario ha reiniciado su navegador. Si esta cookie no existe cuando administramos las cookies, asumimos que es una nueva sesi\u00f3n.<\/td>\n<\/tr>\n<tr>\n<td>__hs_opt_out<\/td>\n<td>Hubspot<\/td>\n<td>digitalgroup.es<\/td>\n<td>La&nbsp;pol\u00edtica de privacidad de opt-in&nbsp;usa esta cookie para no volver a solicitar al usuario que acepte las cookies.<\/td>\n<\/tr>\n<tr>\n<td>__hs_testcookie<\/td>\n<td>Hubspot<\/td>\n<td>digitalgroup.es<\/td>\n<td>Esta cookie se utiliza para probar si el visitante tiene activadas las cookies.<\/td>\n<\/tr>\n<tr>\n<td>hsPagesViewedThisSession<\/td>\n<td>Hubspot<\/td>\n<td>digitalgroup.es<\/td>\n<td>Esta cookie se usa para monitorear el n\u00famero de visitas a la p\u00e1gina en una sesi\u00f3n<\/td>\n<\/tr>\n<tr>\n<td>hsfirstvisit<\/td>\n<td>Hubspot<\/td>\n<td>digitalgroup.es<\/td>\n<td>Esta cookie se usa para monitorear la primera visita de un usuario.<\/td>\n<\/tr>\n<\/tbody>\n<\/table>\n<h2>&nbsp;<\/h2>\n<h2><strong>3.&nbsp;<\/strong><b>Com deshabilitar les cookies?<\/b><\/h2>\n<p>Com deshabilitar *laAquellas cookies que no siguin obligat\u00f2ries per a la navegaci\u00f3 del present Lloc web podran deshabilitar-se en la configuraci\u00f3 del Lloc web. Aquests ajustos es troben al peu de p\u00e0gina del Lloc web. A m\u00e9s, tots els navegadors permeten fer canvis per a desactivar la configuraci\u00f3 de les cookies.<\/p>\n<p>Aquest \u00e9s el motiu pel qual la majoria de navegadors ofereixen la possibilitat d&#8217;administrar les cookies, per a obtenir un control m\u00e9s prec\u00eds sobre la privacitat. Aquests ajustos estan situats en les &#8220;opcions&#8221; o &#8220;prefer\u00e8ncies&#8221; del men\u00fa del seu navegador.<\/p>\n<p>A continuaci\u00f3, podr\u00e0 trobar els links de cada navegador per a deshabilitar les cookies seguint les instruccions:<\/p>\n<p>&#8211; Internet Explorer (https:\/\/goo.gl\/iu2wh2 )<\/p>\n<p>\u2022 En el men\u00fa d&#8217;eines, seleccionis \u201cOpcions d&#8217;Internet\u201d.<br>\u2022 Faci clic en la pestanya de privacitat.<br>\u2022 Podr\u00e0 configurar la privacitat amb un cursor amb sis posicions que li permet controlar la quantitat de cookies que s&#8217;instal\u00b7laran: Bloquejar totes les cookies, Alta, Mitjana Alt, Mitjana (nivell per defecte), Baixa i Acceptar totes les cookies.<\/p>\n<p>&#8211; *Mozilla Firefox (http:\/\/goo.gl\/qxwymv)<\/p>\n<p>\u2022 En la part superior de la venda de Firefox fer clic en el men\u00fa Eines.<br>\u2022 Seleccionar Opcions.<br>\u2022 Seleccionar el panell Privacitat.<br>\u2022 En l&#8217;opci\u00f3 Firefox podr\u00e0 triar Usar una configuraci\u00f3 personalitzada del seu historial, aix\u00ed com altres q\u00fcestions relacionades amb la seva Privacitat.<\/p>\n<p>&#8211; Google Chrome (http:\/\/goo.gl\/fqnksb)<\/p>\n<p>\u2022 Fer clic en el men\u00fa situat en la barra d&#8217;eines.<br>\u2022 Seleccionar Configuraci\u00f3.<br>\u2022 Fer clic a Mostar opcions avan\u00e7ades.<br>\u2022 En la selecci\u00f3 \u201cPrivacitat\u201d fer clic en el bot\u00f3 Configuraci\u00f3 de contingut.<br>\u2022 En la selecci\u00f3 de Cookies, es poden configurar les opcions.<\/p>\n<p>&#8211; Safari (https:\/\/goo.gl\/pcjem3)<\/p>\n<p>\u2022 En el men\u00fa de configuraci\u00f3 seleccioni l&#8217;opci\u00f3 de \u201cPrefer\u00e8ncies\u201d.<br>\u2022 Obri la pestanya de privacitat.<br>\u2022 Seleccioni l&#8217;opci\u00f3 que vulgui de la secci\u00f3 de \u201cbloquejar cookies\u201d.<br>\u2022 Recordi que unes certes funcions i la plena funcionalitat del Lloc web poden no estar disponibles despr\u00e9s de deshabilitar les cookies.<\/p>\n<p>Si no desitja ser rastrejat per les cookies, Google ha desenvolupat un complement per a instal\u00b7lar en el seu navegador al qual pot accedir en el seg\u00fcent enlla\u00e7: http:\/\/goo.gl\/up4nd.s cookies?<\/p><p><br><\/p>\n<h2><strong>4. Cookies en els dispositius m\u00f2bils.<\/strong><\/h2>\n<p>DIGITAL *GROUP del Lloc web tamb\u00e9 usa cookies o altres dispositius d&#8217;emmagatzematge en dispositius m\u00f2bils.<\/p>\n<p>Aquelles cookies que no siguin obligat\u00f2ries per a la navegaci\u00f3 del present Lloc web podran deshabilitar-se en la configuraci\u00f3 del Lloc web.<\/p>\n<p>Aquests ajustos es troben al peu de p\u00e0gina del Lloc web. A m\u00e9s, igual que succeeix en els navegadors d&#8217;ordinadors, el navegadors dels dispositius m\u00f2bils permeten fer canvis en les opcions o ajustos de privacitat per a desactivar o eliminar les cookies.<\/p>\n<p>Si desitja modificar les opcions de privacitat segueixi les instruccions especificades pel desenvolupador del seu navegador per a dispositiu m\u00f2bil.<\/p>\n<p>A continuaci\u00f3, podr\u00e0 trobar alguns exemples dels links que li guiaran per a modificar les opcions de privacitat en el seu dispositiu m\u00f2bil:<\/p>\n<p>&#8211; *IOS: (http:\/\/goo.gl\/61xevs)<br>&#8211; Windows *Phone: (https:\/\/goo.gl\/tkyb0y)<br>&#8211; Chrome *Mobile: (http:\/\/goo.gl\/xjp7n)<br>&#8211; Opera *Mobile: (http:\/\/goo.gl\/nzr8s7)<\/p><p><br><\/p>\n<h2><strong>5. Aceptaci\u00f3n de Cookies.<\/strong><\/h2>\n<p>El present Lloc web no instal\u00b7la les nostres cookies en els dispositius dels usuaris fins que aquests hagin acceptat la instal\u00b7laci\u00f3 d&#8217;aquestes.<\/p>\n<p>L&#8217;informem que en el cas de no acceptar la instal\u00b7laci\u00f3 de cookies o de deshabilitar alguna d&#8217;aquestes en la configuraci\u00f3, \u00e9s possible que uns certs serveis no estiguin disponibles sense la utilitzaci\u00f3 d&#8217;aquestes o que no pugui accedir a determinats serveis ni tampoc aprofitar per complet tot el que aquest Lloc web li ofereix.<\/p><p><br><\/p>\n<h2><strong>6. Informaci\u00f3 en relaci\u00f3 amb les seves dades.<br><\/strong><\/h2>\n<p>Per a poder exercitar qualsevol dels seus drets en mat\u00e8ria de protecci\u00f3 de dades, aix\u00ed com per a poder con\u00e8ixer els (i) Fins del tractament i base jur\u00eddica del tractament; (*ii) Destinataris o categories de destinataris de les dades personals; (*iii) Transfer\u00e8ncies internacionals; (*iv) Termini de conservaci\u00f3; (*v) Drets dels interessats; (vaig veure) Exist\u00e8ncia de decisions automatitzades, inclosa l&#8217;elaboraci\u00f3 de perfils, pot accedir a la Pol\u00edtica de Privacitat de DIGITAL *GROUP.<\/p>\t\t\t\t\t\t<\/div>\n\t\t\t\t<\/div>\n\t\t\t\t\t<\/div>\n\t\t\t\t<\/div>\n\t\t\t\t\t\t\t<\/div>\n\t\t","protected":false},"excerpt":{"rendered":"<p>Pol\u00edtica de cookies DIGITAL GROUP Branch, S.L., (d&#8217;ara endavant, \u201cDIGITAL GROUP\u201d) informa, a trav\u00e9s de la present Pol\u00edtica de Cookies, sobre la utilitzaci\u00f3 de dispositius d&#8217;emmagatzematge i recuperaci\u00f3 de dades en equips terminals dels Usuaris. 1. Qu\u00e8 s\u00f3n les Cookies? Les cookies s\u00f3n arxius o fitxers que es descarreguen en l&#8217;ordenador\/tel\u00e8fon intel\u00b7ligent\/tauleta de l&#8217;Usuari en [&hellip;]<\/p>\n","protected":false},"author":7,"featured_media":0,"parent":0,"menu_order":0,"comment_status":"closed","ping_status":"closed","template":"","meta":{"_acf_changed":false,"footnotes":""},"class_list":["post-5995","page","type-page","status-publish","hentry"],"acf":[],"yoast_head":"<!-- This site is optimized with the Yoast SEO plugin v21.8 - https:\/\/yoast.com\/wordpress\/plugins\/seo\/ -->\n<title>Pol\u00edtica de cookies | Digital Group<\/title>\n<meta name=\"description\" content=\"Conhe\u00e7a nosso uso de cookies e como gerenciamos sua privacidade.\" \/>\n<meta name=\"robots\" content=\"noindex, follow\" \/>\n<meta property=\"og:locale\" content=\"ca_ES\" \/>\n<meta property=\"og:type\" content=\"article\" \/>\n<meta property=\"og:title\" content=\"Pol\u00edtica de cookies | Digital Group\" \/>\n<meta property=\"og:description\" content=\"Conhe\u00e7a nosso uso de cookies e como gerenciamos sua privacidade.\" \/>\n<meta property=\"og:url\" content=\"https:\/\/dev.digitalgroup.com\/ca\/politica-de-cookies\/\" \/>\n<meta property=\"og:site_name\" content=\"Digital Group\" \/>\n<meta property=\"article:publisher\" content=\"https:\/\/www.facebook.com\/profile.php?id=100057584914256\" \/>\n<meta property=\"article:modified_time\" content=\"2024-01-15T10:43:05+00:00\" \/>\n<meta property=\"og:image\" content=\"https:\/\/dev.digitalgroup.com\/wp-content\/uploads\/2023\/09\/Triangulo.svg\" \/>\n<meta name=\"twitter:card\" content=\"summary_large_image\" \/>\n<meta name=\"twitter:site\" content=\"@digitalgroup360\" \/>\n<meta name=\"twitter:label1\" content=\"Temps estimat de lectura\" \/>\n\t<meta name=\"twitter:data1\" content=\"8 minuts\" \/>\n<script type=\"application\/ld+json\" class=\"yoast-schema-graph\">{\"@context\":\"https:\/\/schema.org\",\"@graph\":[{\"@type\":\"WebPage\",\"@id\":\"https:\/\/dev.digitalgroup.com\/ca\/politica-de-cookies\/\",\"url\":\"https:\/\/dev.digitalgroup.com\/ca\/politica-de-cookies\/\",\"name\":\"Pol\u00edtica de cookies | Digital Group\",\"isPartOf\":{\"@id\":\"https:\/\/dev.digitalgroup.com\/ca\/#website\"},\"datePublished\":\"2023-10-03T10:19:14+00:00\",\"dateModified\":\"2024-01-15T10:43:05+00:00\",\"description\":\"Conhe\u00e7a nosso uso de cookies e como gerenciamos sua privacidade.\",\"breadcrumb\":{\"@id\":\"https:\/\/dev.digitalgroup.com\/ca\/politica-de-cookies\/#breadcrumb\"},\"inLanguage\":\"ca\",\"potentialAction\":[{\"@type\":\"ReadAction\",\"target\":[\"https:\/\/dev.digitalgroup.com\/ca\/politica-de-cookies\/\"]}]},{\"@type\":\"BreadcrumbList\",\"@id\":\"https:\/\/dev.digitalgroup.com\/ca\/politica-de-cookies\/#breadcrumb\",\"itemListElement\":[{\"@type\":\"ListItem\",\"position\":1,\"name\":\"Portada\",\"item\":\"https:\/\/dev.digitalgroup.com\/ca\/\"},{\"@type\":\"ListItem\",\"position\":2,\"name\":\"Pol\u00edtica de cookies\"}]},{\"@type\":\"WebSite\",\"@id\":\"https:\/\/dev.digitalgroup.com\/ca\/#website\",\"url\":\"https:\/\/dev.digitalgroup.com\/ca\/\",\"name\":\"Digital Group\",\"description\":\"Somos una agencia especializada en anal\u00edtica web y Digital.  Traducimos los datos en informaci\u00f3n operativa para hacer crecer tu negocio.\",\"publisher\":{\"@id\":\"https:\/\/dev.digitalgroup.com\/ca\/#organization\"},\"potentialAction\":[{\"@type\":\"SearchAction\",\"target\":{\"@type\":\"EntryPoint\",\"urlTemplate\":\"https:\/\/dev.digitalgroup.com\/ca\/?s={search_term_string}\"},\"query-input\":\"required name=search_term_string\"}],\"inLanguage\":\"ca\"},{\"@type\":\"Organization\",\"@id\":\"https:\/\/dev.digitalgroup.com\/ca\/#organization\",\"name\":\"Digital Group\",\"url\":\"https:\/\/dev.digitalgroup.com\/ca\/\",\"logo\":{\"@type\":\"ImageObject\",\"inLanguage\":\"ca\",\"@id\":\"https:\/\/dev.digitalgroup.com\/ca\/#\/schema\/logo\/image\/\",\"url\":\"https:\/\/dev.digitalgroup.com\/wp-content\/uploads\/2023\/09\/Logo_color_negro.svg\",\"contentUrl\":\"https:\/\/dev.digitalgroup.com\/wp-content\/uploads\/2023\/09\/Logo_color_negro.svg\",\"width\":100,\"height\":100,\"caption\":\"Digital Group\"},\"image\":{\"@id\":\"https:\/\/dev.digitalgroup.com\/ca\/#\/schema\/logo\/image\/\"},\"sameAs\":[\"https:\/\/www.facebook.com\/profile.php?id=100057584914256\",\"https:\/\/twitter.com\/digitalgroup360\",\"https:\/\/www.instagram.com\/digitalgroup.es\/\",\"https:\/\/www.linkedin.com\/company\/digital-group-agencia\/mycompany\/verification\/\"]}]}<\/script>\n<!-- \/ Yoast SEO plugin. -->","yoast_head_json":{"title":"Pol\u00edtica de cookies | Digital Group","description":"Conhe\u00e7a nosso uso de cookies e como gerenciamos sua privacidade.","robots":{"index":"noindex","follow":"follow"},"og_locale":"ca_ES","og_type":"article","og_title":"Pol\u00edtica de cookies | Digital Group","og_description":"Conhe\u00e7a nosso uso de cookies e como gerenciamos sua privacidade.","og_url":"https:\/\/dev.digitalgroup.com\/ca\/politica-de-cookies\/","og_site_name":"Digital Group","article_publisher":"https:\/\/www.facebook.com\/profile.php?id=100057584914256","article_modified_time":"2024-01-15T10:43:05+00:00","og_image":[{"url":"https:\/\/dev.digitalgroup.com\/wp-content\/uploads\/2023\/09\/Triangulo.svg"}],"twitter_card":"summary_large_image","twitter_site":"@digitalgroup360","twitter_misc":{"Temps estimat de lectura":"8 minuts"},"schema":{"@context":"https:\/\/schema.org","@graph":[{"@type":"WebPage","@id":"https:\/\/dev.digitalgroup.com\/ca\/politica-de-cookies\/","url":"https:\/\/dev.digitalgroup.com\/ca\/politica-de-cookies\/","name":"Pol\u00edtica de cookies | Digital Group","isPartOf":{"@id":"https:\/\/dev.digitalgroup.com\/ca\/#website"},"datePublished":"2023-10-03T10:19:14+00:00","dateModified":"2024-01-15T10:43:05+00:00","description":"Conhe\u00e7a nosso uso de cookies e como gerenciamos sua privacidade.","breadcrumb":{"@id":"https:\/\/dev.digitalgroup.com\/ca\/politica-de-cookies\/#breadcrumb"},"inLanguage":"ca","potentialAction":[{"@type":"ReadAction","target":["https:\/\/dev.digitalgroup.com\/ca\/politica-de-cookies\/"]}]},{"@type":"BreadcrumbList","@id":"https:\/\/dev.digitalgroup.com\/ca\/politica-de-cookies\/#breadcrumb","itemListElement":[{"@type":"ListItem","position":1,"name":"Portada","item":"https:\/\/dev.digitalgroup.com\/ca\/"},{"@type":"ListItem","position":2,"name":"Pol\u00edtica de cookies"}]},{"@type":"WebSite","@id":"https:\/\/dev.digitalgroup.com\/ca\/#website","url":"https:\/\/dev.digitalgroup.com\/ca\/","name":"Digital Group","description":"Somos una agencia especializada en anal\u00edtica web y Digital.  Traducimos los datos en informaci\u00f3n operativa para hacer crecer tu negocio.","publisher":{"@id":"https:\/\/dev.digitalgroup.com\/ca\/#organization"},"potentialAction":[{"@type":"SearchAction","target":{"@type":"EntryPoint","urlTemplate":"https:\/\/dev.digitalgroup.com\/ca\/?s={search_term_string}"},"query-input":"required name=search_term_string"}],"inLanguage":"ca"},{"@type":"Organization","@id":"https:\/\/dev.digitalgroup.com\/ca\/#organization","name":"Digital Group","url":"https:\/\/dev.digitalgroup.com\/ca\/","logo":{"@type":"ImageObject","inLanguage":"ca","@id":"https:\/\/dev.digitalgroup.com\/ca\/#\/schema\/logo\/image\/","url":"https:\/\/dev.digitalgroup.com\/wp-content\/uploads\/2023\/09\/Logo_color_negro.svg","contentUrl":"https:\/\/dev.digitalgroup.com\/wp-content\/uploads\/2023\/09\/Logo_color_negro.svg","width":100,"height":100,"caption":"Digital Group"},"image":{"@id":"https:\/\/dev.digitalgroup.com\/ca\/#\/schema\/logo\/image\/"},"sameAs":["https:\/\/www.facebook.com\/profile.php?id=100057584914256","https:\/\/twitter.com\/digitalgroup360","https:\/\/www.instagram.com\/digitalgroup.es\/","https:\/\/www.linkedin.com\/company\/digital-group-agencia\/mycompany\/verification\/"]}]}},"_links":{"self":[{"href":"https:\/\/dev.digitalgroup.com\/ca\/wp-json\/wp\/v2\/pages\/5995","targetHints":{"allow":["GET"]}}],"collection":[{"href":"https:\/\/dev.digitalgroup.com\/ca\/wp-json\/wp\/v2\/pages"}],"about":[{"href":"https:\/\/dev.digitalgroup.com\/ca\/wp-json\/wp\/v2\/types\/page"}],"author":[{"embeddable":true,"href":"https:\/\/dev.digitalgroup.com\/ca\/wp-json\/wp\/v2\/users\/7"}],"replies":[{"embeddable":true,"href":"https:\/\/dev.digitalgroup.com\/ca\/wp-json\/wp\/v2\/comments?post=5995"}],"version-history":[{"count":0,"href":"https:\/\/dev.digitalgroup.com\/ca\/wp-json\/wp\/v2\/pages\/5995\/revisions"}],"wp:attachment":[{"href":"https:\/\/dev.digitalgroup.com\/ca\/wp-json\/wp\/v2\/media?parent=5995"}],"curies":[{"name":"wp","href":"https:\/\/api.w.org\/{rel}","templated":true}]}}