{"id":8243,"date":"2023-11-30T09:06:14","date_gmt":"2023-11-30T08:06:14","guid":{"rendered":"https:\/\/dev.digitalgroup.es\/politica-de-privacidade\/"},"modified":"2024-01-04T10:10:14","modified_gmt":"2024-01-04T09:10:14","slug":"politica-de-privacidade","status":"publish","type":"page","link":"https:\/\/dev.digitalgroup.com\/pt\/politica-de-privacidade\/","title":{"rendered":"Pol\u00edtica de privacidade"},"content":{"rendered":"\t\t<div data-elementor-type=\"wp-page\" data-elementor-id=\"8243\" class=\"elementor elementor-8243 elementor-8231\" data-elementor-post-type=\"page\">\n\t\t\t\t\t\t\t<div class=\"elementor-element elementor-element-2c5b551 e-flex e-con-boxed e-con e-parent\" data-id=\"2c5b551\" data-element_type=\"container\" data-settings=\"{&quot;content_width&quot;:&quot;boxed&quot;}\" data-core-v316-plus=\"true\">\n\t\t\t\t\t<div class=\"e-con-inner\">\n\t\t\t\t<div class=\"elementor-element elementor-element-8b0e9f6 elementor-widget__width-initial elementor-widget elementor-widget-image\" data-id=\"8b0e9f6\" data-element_type=\"widget\" data-widget_type=\"image.default\">\n\t\t\t\t<div class=\"elementor-widget-container\">\n\t\t\t<style>\/*! elementor - v3.18.0 - 20-12-2023 *\/\n.elementor-widget-image{text-align:center}.elementor-widget-image a{display:inline-block}.elementor-widget-image a img[src$=\".svg\"]{width:48px}.elementor-widget-image img{vertical-align:middle;display:inline-block}<\/style>\t\t\t\t\t\t\t\t\t\t\t\t<img decoding=\"async\" width=\"18\" height=\"14\" src=\"https:\/\/dev.digitalgroup.com\/wp-content\/uploads\/2023\/09\/Triangulo.svg\" class=\"attachment-large size-large wp-image-64\" alt=\"\" \/>\t\t\t\t\t\t\t\t\t\t\t\t\t\t\t<\/div>\n\t\t\t\t<\/div>\n\t\t\t\t<div class=\"elementor-element elementor-element-c01f177 elementor-widget elementor-widget-heading\" data-id=\"c01f177\" data-element_type=\"widget\" data-widget_type=\"heading.default\">\n\t\t\t\t<div class=\"elementor-widget-container\">\n\t\t\t<style>\/*! elementor - v3.18.0 - 20-12-2023 *\/\n.elementor-heading-title{padding:0;margin:0;line-height:1}.elementor-widget-heading .elementor-heading-title[class*=elementor-size-]>a{color:inherit;font-size:inherit;line-height:inherit}.elementor-widget-heading .elementor-heading-title.elementor-size-small{font-size:15px}.elementor-widget-heading .elementor-heading-title.elementor-size-medium{font-size:19px}.elementor-widget-heading .elementor-heading-title.elementor-size-large{font-size:29px}.elementor-widget-heading .elementor-heading-title.elementor-size-xl{font-size:39px}.elementor-widget-heading .elementor-heading-title.elementor-size-xxl{font-size:59px}<\/style><h1 class=\"elementor-heading-title elementor-size-xxl\">Pol\u00edtica de privacidade\n<\/h1>\t\t<\/div>\n\t\t\t\t<\/div>\n\t\t\t\t\t<\/div>\n\t\t\t\t<\/div>\n\t\t<div class=\"elementor-element elementor-element-f667dac e-flex e-con-boxed e-con e-parent\" data-id=\"f667dac\" data-element_type=\"container\" data-settings=\"{&quot;content_width&quot;:&quot;boxed&quot;}\" data-core-v316-plus=\"true\">\n\t\t\t\t\t<div class=\"e-con-inner\">\n\t\t\t\t<div class=\"elementor-element elementor-element-6e51637 elementor-widget elementor-widget-text-editor\" data-id=\"6e51637\" data-element_type=\"widget\" data-widget_type=\"text-editor.default\">\n\t\t\t\t<div class=\"elementor-widget-container\">\n\t\t\t<style>\/*! elementor - v3.18.0 - 20-12-2023 *\/\n.elementor-widget-text-editor.elementor-drop-cap-view-stacked .elementor-drop-cap{background-color:#69727d;color:#fff}.elementor-widget-text-editor.elementor-drop-cap-view-framed .elementor-drop-cap{color:#69727d;border:3px solid;background-color:transparent}.elementor-widget-text-editor:not(.elementor-drop-cap-view-default) .elementor-drop-cap{margin-top:8px}.elementor-widget-text-editor:not(.elementor-drop-cap-view-default) .elementor-drop-cap-letter{width:1em;height:1em}.elementor-widget-text-editor .elementor-drop-cap{float:left;text-align:center;line-height:1;font-size:50px}.elementor-widget-text-editor .elementor-drop-cap-letter{display:inline-block}<\/style>\t\t\t\t<h2><b>1) Quem \u00e9 o respons\u00e1vel pelo tratamento dos dados?<\/b><\/h2>\nA DIGITAL GROUP Branch, S.L., (doravante, &#8220;DIGITAL GROUP&#8221;), com N.I.F. B- 85533321 e Calle General Ram\u00edrez de Madrid 8, 4\u00ba, 28020, Madrid, \u00e9 a respons\u00e1vel pelo tratamento dos seus dados pessoais.\nInformamos que a propriedade do s\u00edtio Web https:\/\/dev.digitalgroup.com\/ (doravante &#8220;o s\u00edtio Web&#8221;) pertence \u00e0 DIGITAL GROUP.\nO acesso e\/ou utiliza\u00e7\u00e3o do S\u00edtio Web confere a condi\u00e7\u00e3o de Utilizador (doravante, o &#8220;Utilizador&#8221;), e implica a aceita\u00e7\u00e3o, a partir desse acesso e\/ou utiliza\u00e7\u00e3o, da presente Pol\u00edtica de Privacidade.\nO Utilizador pode contactar a DIGITAL GROUP atrav\u00e9s do seguinte endere\u00e7o eletr\u00f3nico: info@digitalgroup.es\n<h2><strong>2) Porque \u00e9 que a DIGITAL GROUP tem o direito de efetuar o tratamento de dados?<\/strong><\/h2>\nA DIGITAL GROUP tem o direito de processar os seus dados para prestar os seus servi\u00e7os.\nA DIGITAL GROUP leva muito a s\u00e9rio a prote\u00e7\u00e3o da sua privacidade e dos seus dados pessoais. Por conseguinte, as suas informa\u00e7\u00f5es pessoais s\u00e3o mantidas em seguran\u00e7a e tratadas com o m\u00e1ximo cuidado.\nA presente Pol\u00edtica de Privacidade regula o acesso e a utiliza\u00e7\u00e3o do servi\u00e7o (doravante, o &#8220;Servi\u00e7o&#8221;) que o GRUPO DIGITAL coloca \u00e0 disposi\u00e7\u00e3o do Utilizador interessado nos servi\u00e7os e conte\u00fados alojados no Website.\nNeste sentido, as bases de legitimidade utilizadas pelo GRUPO DIGITAL para o tratamento dos dados dos Utilizadores s\u00e3o:\n\n(i) O consentimento dos Utilizadores para o tratamento dos seus dados pessoais; e\/ou\n\n(ii) A execu\u00e7\u00e3o, a pedido do utilizador, de medidas pr\u00e9-contratuais ou a manuten\u00e7\u00e3o de uma rela\u00e7\u00e3o contratual.\n\nNo que diz respeito a este ponto (i), em rela\u00e7\u00e3o ao consentimento, o Utilizador pode retirar o seu consentimento a qualquer momento, enviando uma mensagem para o seguinte endere\u00e7o de correio eletr\u00f3nico: info@digitalgroup.es , sem afetar a legalidade do tratamento com base no consentimento anterior \u00e0 sua retirada.\n<h2><strong>3) Quais s\u00e3o as finalidades do tratamento dos seus dados pessoais pelo GRUPO DIGITAL?<\/strong><\/h2>\nOs seus dados pessoais recolhidos pelo GRUPO DIGITAL poder\u00e3o ser utilizados para os seguintes fins, de acordo com o consentimento dado no formul\u00e1rio de registo correspondente:\n\n(i) Responder aos pedidos de informa\u00e7\u00e3o e\/ou \u00e0s perguntas feitas pelo Utilizador, quer atrav\u00e9s da pergunta enviada por meio do formul\u00e1rio de contacto, quer atrav\u00e9s do chat dispon\u00edvel no S\u00edtio Web;\n\n(ii) Manter o Utilizador informado, atrav\u00e9s do envio de comunica\u00e7\u00f5es comerciais por via eletr\u00f3nica, por telefone, e-mail, SMS\/MMS, ou outro meio equivalente, sobre os produtos, servi\u00e7os e novidades do GRUPO DIGITAL.\n\n(iii) No caso de utilizar a sec\u00e7\u00e3o &#8220;trabalhe connosco&#8221;, os dados fornecidos pelo Utilizador ser\u00e3o tratados com o objetivo de tratar a sua candidatura a um emprego e, se for caso disso, permitir-lhe candidatar-se a um emprego no GRUPO DIGITAL.\n\n(iv) Permitir que o Utilizador participe nas actividades propostas no S\u00edtio Web, bem como descarregar conte\u00fados gratuitos oferecidos no S\u00edtio Web.\n<h2><strong>4. Grupo-alvo.<\/strong><\/h2>\nInformamos que os dados pessoais fornecidos ser\u00e3o tratados apenas pelo GRUPO DIGITAL e n\u00e3o ser\u00e3o transmitidos a terceiros.\n<h2><strong>5. Exatid\u00e3o dos dados fornecidos pelos Utilizadores e dos dados de menores.<\/strong><\/h2>\nO Utilizador garante que os dados pessoais fornecidos s\u00e3o verdadeiros e \u00e9 respons\u00e1vel por comunicar ao GRUPO DIGITAL qualquer altera\u00e7\u00e3o dos mesmos.\n\nO Utilizador ser\u00e1 respons\u00e1vel, em qualquer caso, pela veracidade dos dados fornecidos, reservando-se o GRUPO DIGITAL o direito de excluir dos servi\u00e7os registados qualquer Utilizador que tenha fornecido dados falsos, sem preju\u00edzo de outras ac\u00e7\u00f5es que possam ser aplic\u00e1veis por lei.\n<h2><strong>6. Conserva\u00e7\u00e3o de dados.<\/strong><\/h2>\nA prote\u00e7\u00e3o da privacidade e dos dados pessoais dos utilizadores \u00e9 muito importante para o GRUPO DIGITAL. Assim, o GRUPO DIGITAL desenvolve todos os esfor\u00e7os para evitar que os dados do Utilizador sejam utilizados de forma inadequada. S\u00f3 o pessoal autorizado tem acesso aos dados do Utilizador.\n\nO GRUPO DIGITAL conservar\u00e1 os dados pessoais dos utilizadores apenas durante o tempo necess\u00e1rio para a realiza\u00e7\u00e3o das finalidades para as quais foram recolhidos, enquanto o utilizador n\u00e3o revogar a sua vontade de cancelar a subscri\u00e7\u00e3o dos servi\u00e7os do GRUPO DIGITAL.\n\nPosteriormente, se necess\u00e1rio, a DIGITAL GROUP manter\u00e1 as informa\u00e7\u00f5es bloqueadas durante os per\u00edodos de tempo legalmente estabelecidos.\n<h2><strong>7. Direitos do Utilizador em rela\u00e7\u00e3o aos seus dados.<\/strong><\/h2>\nO Utilizador tem o direito de\n(i) Aceder aos seus dados pessoais.\n\n(ii) Solicitar a retifica\u00e7\u00e3o de dados inexactos\n\n(iii) Solicitar a sua supress\u00e3o.\n\n(iv) Solicitar a limita\u00e7\u00e3o do tratamento dos seus dados.\n\n(v) opor-se ao tratamento dos seus dados.\n\n(vi) Pedir a portabilidade.\n\n(vii) N\u00e3o estar sujeito a decis\u00f5es individuais automatizadas.\n\nO Utilizador pode exercer todos estes direitos atrav\u00e9s do seguinte endere\u00e7o de correio eletr\u00f3nico info@digitalgroup.es, indicando o motivo do seu pedido e fornecendo uma c\u00f3pia do seu Bilhete de Identidade Nacional.\nO utilizador pode igualmente enviar o seu pedido por correio normal para o seguinte endere\u00e7o: Calle General Ram\u00edrez de Madrid, 8. 4\u00ba, 28020, Madrid.\n\nA comunica\u00e7\u00e3o dirigida \u00e0 DIGITAL GROUP deve conter as seguintes informa\u00e7\u00f5es:\n\n&#8211; Nome e apelido do Utilizador; fotoc\u00f3pia do seu bilhete de identidade nacional, passaporte ou outro documento v\u00e1lido que o identifique.\n&#8211; O pedido em que o pedido \u00e9 apresentado.\nSem preju\u00edzo de qualquer outra via de recurso administrativo ou judicial, o Utilizador tem o direito de apresentar queixa junto de uma Autoridade de Controlo, nomeadamente no Estado-Membro onde tem a sua resid\u00eancia habitual, o seu local de trabalho ou o local da alegada infra\u00e7\u00e3o, se considerar que o tratamento dos seus dados pessoais n\u00e3o \u00e9 l\u00edcito, bem como no caso de o exerc\u00edcio dos seus direitos n\u00e3o ser satisfeito. A autoridade de controlo \u00e0 qual foi apresentada a queixa informar\u00e1 o queixoso sobre o seguimento e o resultado da queixa.\n<h2><strong>8. Seguran\u00e7a dos dados.<\/strong><\/h2>\nA prote\u00e7\u00e3o da privacidade e dos dados pessoais dos Utilizadores \u00e9 muito importante para o GRUPO DIGITAL. Por isso, a DIGITAL GROUP faz tudo o que est\u00e1 ao seu alcance para evitar que os seus dados sejam utilizados de forma inadequada, permitindo o acesso aos mesmos apenas a pessoal autorizado.\n\nO GRUPO DIGITAL mant\u00e9m os n\u00edveis de seguran\u00e7a de prote\u00e7\u00e3o de dados pessoais de acordo com a regulamenta\u00e7\u00e3o aplic\u00e1vel e estabeleceu todos os meios t\u00e9cnicos ao seu alcance para evitar a perda, m\u00e1 utiliza\u00e7\u00e3o, altera\u00e7\u00e3o, acesso n\u00e3o autorizado e roubo dos dados fornecidos pelo Utilizador atrav\u00e9s do S\u00edtio Web, sem preju\u00edzo de informar o Utilizador que as medidas de seguran\u00e7a na Internet n\u00e3o s\u00e3o inexpugn\u00e1veis.\n\nO GRUPO DIGITAL compromete-se a cumprir o dever de sigilo e confidencialidade relativamente aos dados pessoais nos termos da legisla\u00e7\u00e3o aplic\u00e1vel, bem como a trat\u00e1-los de forma segura nas transfer\u00eancias e ced\u00eancias internacionais de dados que possam ocorrer, se for o caso.\n<h2><strong>9. Perguntas.<\/strong><\/h2>\nSe tiver alguma d\u00favida sobre esta Pol\u00edtica de Privacidade ou sobre o tratamento dos seus dados, contacte o GRUPO DIGITAL por correio eletr\u00f3nico para o seguinte endere\u00e7o: info@digitalgroup.es\n<h2><strong>10. Aceita\u00e7\u00e3o e consentimento.<\/strong><\/h2>\nO Utilizador declara ter sido informado das condi\u00e7\u00f5es de prote\u00e7\u00e3o de dados pessoais, aceitando e consentindo o tratamento dos mesmos pelo GRUPO DIGITAL, na forma e para os efeitos previstos na presente Pol\u00edtica de Privacidade.\t\t\t\t\t\t<\/div>\n\t\t\t\t<\/div>\n\t\t\t\t\t<\/div>\n\t\t\t\t<\/div>\n\t\t\t\t\t\t\t<\/div>\n\t\t","protected":false},"excerpt":{"rendered":"<p>Pol\u00edtica de privacidade 1) Quem \u00e9 o respons\u00e1vel pelo tratamento dos dados? A DIGITAL GROUP Branch, S.L., (doravante, &#8220;DIGITAL GROUP&#8221;), com N.I.F. B- 85533321 e Calle General Ram\u00edrez de Madrid 8, 4\u00ba, 28020, Madrid, \u00e9 a respons\u00e1vel pelo tratamento dos seus dados pessoais. Informamos que a propriedade do s\u00edtio Web https:\/\/dev.digitalgroup.com\/ (doravante &#8220;o s\u00edtio Web&#8221;) [&hellip;]<\/p>\n","protected":false},"author":7,"featured_media":0,"parent":0,"menu_order":0,"comment_status":"closed","ping_status":"closed","template":"","meta":{"_acf_changed":false,"footnotes":""},"class_list":["post-8243","page","type-page","status-publish","hentry"],"acf":[],"yoast_head":"<!-- This site is optimized with the Yoast SEO plugin v21.8 - https:\/\/yoast.com\/wordpress\/plugins\/seo\/ -->\n<title>Pol\u00edtica de privacidade | Digital Group<\/title>\n<meta name=\"description\" content=\"Descubra como protegemos seus dados. Informa\u00e7\u00f5es essenciais sobre privacidade.\" \/>\n<meta name=\"robots\" content=\"noindex, follow\" \/>\n<meta property=\"og:locale\" content=\"pt_PT\" \/>\n<meta property=\"og:type\" content=\"article\" \/>\n<meta property=\"og:title\" content=\"Pol\u00edtica de privacidade | Digital Group\" \/>\n<meta property=\"og:description\" content=\"Descubra como protegemos seus dados. Informa\u00e7\u00f5es essenciais sobre privacidade.\" \/>\n<meta property=\"og:url\" content=\"https:\/\/dev.digitalgroup.com\/pt\/politica-de-privacidade\/\" \/>\n<meta property=\"og:site_name\" content=\"Digital Group\" \/>\n<meta property=\"article:publisher\" content=\"https:\/\/www.facebook.com\/profile.php?id=100057584914256\" \/>\n<meta property=\"article:modified_time\" content=\"2024-01-04T09:10:14+00:00\" \/>\n<meta property=\"og:image\" content=\"https:\/\/dev.digitalgroup.com\/wp-content\/uploads\/2023\/09\/Triangulo.svg\" \/>\n<meta name=\"twitter:card\" content=\"summary_large_image\" \/>\n<meta name=\"twitter:site\" content=\"@digitalgroup360\" \/>\n<meta name=\"twitter:label1\" content=\"Est. reading time\" \/>\n\t<meta name=\"twitter:data1\" content=\"6 minutes\" \/>\n<script type=\"application\/ld+json\" class=\"yoast-schema-graph\">{\"@context\":\"https:\/\/schema.org\",\"@graph\":[{\"@type\":\"WebPage\",\"@id\":\"https:\/\/dev.digitalgroup.com\/pt\/politica-de-privacidade\/\",\"url\":\"https:\/\/dev.digitalgroup.com\/pt\/politica-de-privacidade\/\",\"name\":\"Pol\u00edtica de privacidade | Digital Group\",\"isPartOf\":{\"@id\":\"https:\/\/dev.digitalgroup.com\/pt\/#website\"},\"datePublished\":\"2023-11-30T08:06:14+00:00\",\"dateModified\":\"2024-01-04T09:10:14+00:00\",\"description\":\"Descubra como protegemos seus dados. Informa\u00e7\u00f5es essenciais sobre privacidade.\",\"breadcrumb\":{\"@id\":\"https:\/\/dev.digitalgroup.com\/pt\/politica-de-privacidade\/#breadcrumb\"},\"inLanguage\":\"pt\",\"potentialAction\":[{\"@type\":\"ReadAction\",\"target\":[\"https:\/\/dev.digitalgroup.com\/pt\/politica-de-privacidade\/\"]}]},{\"@type\":\"BreadcrumbList\",\"@id\":\"https:\/\/dev.digitalgroup.com\/pt\/politica-de-privacidade\/#breadcrumb\",\"itemListElement\":[{\"@type\":\"ListItem\",\"position\":1,\"name\":\"Portada\",\"item\":\"https:\/\/dev.digitalgroup.com\/pt\/\"},{\"@type\":\"ListItem\",\"position\":2,\"name\":\"Pol\u00edtica de privacidade\"}]},{\"@type\":\"WebSite\",\"@id\":\"https:\/\/dev.digitalgroup.com\/pt\/#website\",\"url\":\"https:\/\/dev.digitalgroup.com\/pt\/\",\"name\":\"Digital Group\",\"description\":\"Somos una agencia especializada en anal\u00edtica web y Digital.  Traducimos los datos en informaci\u00f3n operativa para hacer crecer tu negocio.\",\"publisher\":{\"@id\":\"https:\/\/dev.digitalgroup.com\/pt\/#organization\"},\"potentialAction\":[{\"@type\":\"SearchAction\",\"target\":{\"@type\":\"EntryPoint\",\"urlTemplate\":\"https:\/\/dev.digitalgroup.com\/pt\/?s={search_term_string}\"},\"query-input\":\"required name=search_term_string\"}],\"inLanguage\":\"pt\"},{\"@type\":\"Organization\",\"@id\":\"https:\/\/dev.digitalgroup.com\/pt\/#organization\",\"name\":\"Digital Group\",\"url\":\"https:\/\/dev.digitalgroup.com\/pt\/\",\"logo\":{\"@type\":\"ImageObject\",\"inLanguage\":\"pt\",\"@id\":\"https:\/\/dev.digitalgroup.com\/pt\/#\/schema\/logo\/image\/\",\"url\":\"https:\/\/dev.digitalgroup.com\/wp-content\/uploads\/2023\/09\/Logo_color_negro.svg\",\"contentUrl\":\"https:\/\/dev.digitalgroup.com\/wp-content\/uploads\/2023\/09\/Logo_color_negro.svg\",\"width\":100,\"height\":100,\"caption\":\"Digital Group\"},\"image\":{\"@id\":\"https:\/\/dev.digitalgroup.com\/pt\/#\/schema\/logo\/image\/\"},\"sameAs\":[\"https:\/\/www.facebook.com\/profile.php?id=100057584914256\",\"https:\/\/twitter.com\/digitalgroup360\",\"https:\/\/www.instagram.com\/digitalgroup.es\/\",\"https:\/\/www.linkedin.com\/company\/digital-group-agencia\/mycompany\/verification\/\"]}]}<\/script>\n<!-- \/ Yoast SEO plugin. -->","yoast_head_json":{"title":"Pol\u00edtica de privacidade | Digital Group","description":"Descubra como protegemos seus dados. Informa\u00e7\u00f5es essenciais sobre privacidade.","robots":{"index":"noindex","follow":"follow"},"og_locale":"pt_PT","og_type":"article","og_title":"Pol\u00edtica de privacidade | Digital Group","og_description":"Descubra como protegemos seus dados. Informa\u00e7\u00f5es essenciais sobre privacidade.","og_url":"https:\/\/dev.digitalgroup.com\/pt\/politica-de-privacidade\/","og_site_name":"Digital Group","article_publisher":"https:\/\/www.facebook.com\/profile.php?id=100057584914256","article_modified_time":"2024-01-04T09:10:14+00:00","og_image":[{"url":"https:\/\/dev.digitalgroup.com\/wp-content\/uploads\/2023\/09\/Triangulo.svg"}],"twitter_card":"summary_large_image","twitter_site":"@digitalgroup360","twitter_misc":{"Est. reading time":"6 minutes"},"schema":{"@context":"https:\/\/schema.org","@graph":[{"@type":"WebPage","@id":"https:\/\/dev.digitalgroup.com\/pt\/politica-de-privacidade\/","url":"https:\/\/dev.digitalgroup.com\/pt\/politica-de-privacidade\/","name":"Pol\u00edtica de privacidade | Digital Group","isPartOf":{"@id":"https:\/\/dev.digitalgroup.com\/pt\/#website"},"datePublished":"2023-11-30T08:06:14+00:00","dateModified":"2024-01-04T09:10:14+00:00","description":"Descubra como protegemos seus dados. Informa\u00e7\u00f5es essenciais sobre privacidade.","breadcrumb":{"@id":"https:\/\/dev.digitalgroup.com\/pt\/politica-de-privacidade\/#breadcrumb"},"inLanguage":"pt","potentialAction":[{"@type":"ReadAction","target":["https:\/\/dev.digitalgroup.com\/pt\/politica-de-privacidade\/"]}]},{"@type":"BreadcrumbList","@id":"https:\/\/dev.digitalgroup.com\/pt\/politica-de-privacidade\/#breadcrumb","itemListElement":[{"@type":"ListItem","position":1,"name":"Portada","item":"https:\/\/dev.digitalgroup.com\/pt\/"},{"@type":"ListItem","position":2,"name":"Pol\u00edtica de privacidade"}]},{"@type":"WebSite","@id":"https:\/\/dev.digitalgroup.com\/pt\/#website","url":"https:\/\/dev.digitalgroup.com\/pt\/","name":"Digital Group","description":"Somos una agencia especializada en anal\u00edtica web y Digital.  Traducimos los datos en informaci\u00f3n operativa para hacer crecer tu negocio.","publisher":{"@id":"https:\/\/dev.digitalgroup.com\/pt\/#organization"},"potentialAction":[{"@type":"SearchAction","target":{"@type":"EntryPoint","urlTemplate":"https:\/\/dev.digitalgroup.com\/pt\/?s={search_term_string}"},"query-input":"required name=search_term_string"}],"inLanguage":"pt"},{"@type":"Organization","@id":"https:\/\/dev.digitalgroup.com\/pt\/#organization","name":"Digital Group","url":"https:\/\/dev.digitalgroup.com\/pt\/","logo":{"@type":"ImageObject","inLanguage":"pt","@id":"https:\/\/dev.digitalgroup.com\/pt\/#\/schema\/logo\/image\/","url":"https:\/\/dev.digitalgroup.com\/wp-content\/uploads\/2023\/09\/Logo_color_negro.svg","contentUrl":"https:\/\/dev.digitalgroup.com\/wp-content\/uploads\/2023\/09\/Logo_color_negro.svg","width":100,"height":100,"caption":"Digital Group"},"image":{"@id":"https:\/\/dev.digitalgroup.com\/pt\/#\/schema\/logo\/image\/"},"sameAs":["https:\/\/www.facebook.com\/profile.php?id=100057584914256","https:\/\/twitter.com\/digitalgroup360","https:\/\/www.instagram.com\/digitalgroup.es\/","https:\/\/www.linkedin.com\/company\/digital-group-agencia\/mycompany\/verification\/"]}]}},"_links":{"self":[{"href":"https:\/\/dev.digitalgroup.com\/pt\/wp-json\/wp\/v2\/pages\/8243","targetHints":{"allow":["GET"]}}],"collection":[{"href":"https:\/\/dev.digitalgroup.com\/pt\/wp-json\/wp\/v2\/pages"}],"about":[{"href":"https:\/\/dev.digitalgroup.com\/pt\/wp-json\/wp\/v2\/types\/page"}],"author":[{"embeddable":true,"href":"https:\/\/dev.digitalgroup.com\/pt\/wp-json\/wp\/v2\/users\/7"}],"replies":[{"embeddable":true,"href":"https:\/\/dev.digitalgroup.com\/pt\/wp-json\/wp\/v2\/comments?post=8243"}],"version-history":[{"count":0,"href":"https:\/\/dev.digitalgroup.com\/pt\/wp-json\/wp\/v2\/pages\/8243\/revisions"}],"wp:attachment":[{"href":"https:\/\/dev.digitalgroup.com\/pt\/wp-json\/wp\/v2\/media?parent=8243"}],"curies":[{"name":"wp","href":"https:\/\/api.w.org\/{rel}","templated":true}]}}